{"id":104,"date":"2019-01-20T15:55:50","date_gmt":"2019-01-20T15:55:50","guid":{"rendered":"http:\/\/epee33.fr\/?page_id=104"},"modified":"2025-03-09T16:27:07","modified_gmt":"2025-03-09T16:27:07","slug":"notre-appartenance","status":"publish","type":"page","link":"https:\/\/epee33.fr\/?page_id=104","title":{"rendered":"Notre appartenance"},"content":{"rendered":"\n<p class=\"wp-block-paragraph\"><strong>L&rsquo;E.P.E.E.<\/strong>, membre de la C.E.E.F. (Communion des \u00c9glises de l\u2019Espace Francophone) elle-m\u00eame rattach\u00e9e au C.N.E.F. (Conseil National des Evang\u00e9liques de France) et \u00e0 la F.P.F. (F\u00e9d\u00e9ration Protestante de France) reconna\u00eet ses racines dans ces mouvements. Elle signifie par l\u00e0 qu&rsquo;elle se veut en m\u00eame temps ouverte sur le monde moderne et aux autres \u00e9glises de m\u00eame sensibilit\u00e9, et en m\u00eame temps rattach\u00e9e aux grands courants protestants et \u00e9vang\u00e9liques qui ont travers\u00e9 l&rsquo;histoire.<\/p>\n\n\n\n<div style=\"height:63px\" aria-hidden=\"true\" class=\"wp-block-spacer\"><\/div>\n\n\n\n<div class=\"wp-block-columns alignwide has-3-columns is-layout-flex wp-container-core-columns-is-layout-7387b849 wp-block-columns-is-layout-flex\">\n<div class=\"wp-block-column is-layout-flow wp-block-column-is-layout-flow\">\n<figure class=\"wp-block-image size-full size-large is-resized\"><a href=\"https:\/\/reseaunouvellesconnexions.fr\" target=\"_blank\" rel=\"noreferrer noopener\"><img data-opt-id=2024477039  fetchpriority=\"high\" decoding=\"async\" width=\"561\" height=\"183\" src=\"https:\/\/ml57eltlf4tn.i.optimole.com\/w:auto\/h:auto\/q:mauto\/ig:avif\/http:\/\/epee33.fr\/wp-content\/uploads\/2025\/03\/Logo-RNC-2020Color.png\" alt=\"\" class=\"wp-image-2777\" srcset=\"https:\/\/ml57eltlf4tn.i.optimole.com\/w:561\/h:183\/q:mauto\/ig:avif\/https:\/\/epee33.fr\/wp-content\/uploads\/2025\/03\/Logo-RNC-2020Color.png 561w, https:\/\/ml57eltlf4tn.i.optimole.com\/w:300\/h:98\/q:mauto\/ig:avif\/https:\/\/epee33.fr\/wp-content\/uploads\/2025\/03\/Logo-RNC-2020Color.png 300w\" sizes=\"(max-width: 561px) 100vw, 561px\" \/><\/a><\/figure>\n\n\n\n<p class=\"wp-block-paragraph\"><\/p>\n<\/div>\n\n\n\n<div class=\"wp-block-column is-layout-flow wp-block-column-is-layout-flow\">\n<figure class=\"wp-block-image size-large is-resized\"><a href=\"https:\/\/www.lecnef.org\/page\/170867-le-cnef\" target=\"_blank\" rel=\"noreferrer noopener\"><img data-opt-id=1371516890  fetchpriority=\"high\" decoding=\"async\" width=\"1024\" height=\"491\" src=\"https:\/\/ml57eltlf4tn.i.optimole.com\/w:1024\/h:491\/q:mauto\/ig:avif\/http:\/\/epee33.fr\/wp-content\/uploads\/2025\/03\/CNEF-logotype-quadri.jpg\" alt=\"\" class=\"wp-image-2775\" srcset=\"https:\/\/ml57eltlf4tn.i.optimole.com\/w:1024\/h:491\/q:mauto\/ig:avif\/https:\/\/epee33.fr\/wp-content\/uploads\/2025\/03\/CNEF-logotype-quadri.jpg 1024w, https:\/\/ml57eltlf4tn.i.optimole.com\/w:300\/h:144\/q:mauto\/ig:avif\/https:\/\/epee33.fr\/wp-content\/uploads\/2025\/03\/CNEF-logotype-quadri.jpg 300w, https:\/\/ml57eltlf4tn.i.optimole.com\/w:768\/h:368\/q:mauto\/ig:avif\/https:\/\/epee33.fr\/wp-content\/uploads\/2025\/03\/CNEF-logotype-quadri.jpg 768w, https:\/\/ml57eltlf4tn.i.optimole.com\/w:1200\/h:575\/q:mauto\/ig:avif\/https:\/\/epee33.fr\/wp-content\/uploads\/2025\/03\/CNEF-logotype-quadri.jpg 1200w\" sizes=\"(max-width: 750px) 100vw, 750px\" \/><\/a><\/figure>\n<\/div>\n\n\n\n<div class=\"wp-block-column is-layout-flow wp-block-column-is-layout-flow\">\n<figure class=\"wp-block-image size-large is-resized\"><a href=\"https:\/\/www.protestants.org\" target=\"_blank\" rel=\"noreferrer noopener\"><img data-opt-id=2095313212  data-opt-src=\"https:\/\/ml57eltlf4tn.i.optimole.com\/w:1024\/h:512\/q:mauto\/ig:avif\/http:\/\/epee33.fr\/wp-content\/uploads\/2025\/03\/FPF-2025.jpg\"  decoding=\"async\" width=\"1024\" height=\"512\" src=\"data:image/svg+xml,%3Csvg%20viewBox%3D%220%200%201024%20512%22%20width%3D%221024%22%20height%3D%22512%22%20xmlns%3D%22http%3A%2F%2Fwww.w3.org%2F2000%2Fsvg%22%3E%3Crect%20width%3D%221024%22%20height%3D%22512%22%20fill%3D%22transparent%22%2F%3E%3C%2Fsvg%3E\" alt=\"\" class=\"wp-image-2776\" old-srcset=\"https:\/\/ml57eltlf4tn.i.optimole.com\/w:1024\/h:512\/q:mauto\/ig:avif\/https:\/\/epee33.fr\/wp-content\/uploads\/2025\/03\/FPF-2025.jpg 1024w, https:\/\/ml57eltlf4tn.i.optimole.com\/w:300\/h:150\/q:mauto\/ig:avif\/https:\/\/epee33.fr\/wp-content\/uploads\/2025\/03\/FPF-2025.jpg 300w, https:\/\/ml57eltlf4tn.i.optimole.com\/w:768\/h:384\/q:mauto\/ig:avif\/https:\/\/epee33.fr\/wp-content\/uploads\/2025\/03\/FPF-2025.jpg 768w, https:\/\/ml57eltlf4tn.i.optimole.com\/w:1182\/h:591\/q:mauto\/ig:avif\/https:\/\/epee33.fr\/wp-content\/uploads\/2025\/03\/FPF-2025.jpg 1182w\" \/><\/a><\/figure>\n<\/div>\n<\/div>\n\n\n\n<div style=\"height:104px\" aria-hidden=\"true\" class=\"wp-block-spacer\"><\/div>\n\n\n\n<h6 class=\"wp-block-heading\" style=\"text-align:left\"><em><strong>Voir aussi:<\/strong><\/em><\/h6>\n\n\n\n<pre class=\"wp-block-verse\"><a href=\"http:\/\/epee33.fr\/nous-connaitre-2\"><strong>Nous connaitre<\/strong><\/a><\/pre>\n\n\n\n<pre class=\"wp-block-verse\"><a href=\"http:\/\/epee33.fr\/ce-que-nous-croyons\"><strong>Ce que nous croyons<\/strong><\/a><\/pre>\n","protected":false},"excerpt":{"rendered":"<p>L&rsquo;E.P.E.E., membre de la C.E.E.F. (Communion des \u00c9glises de l\u2019Espace Francophone) elle-m\u00eame rattach\u00e9e au C.N.E.F. (Conseil National des Evang\u00e9liques de France) et \u00e0 la F.P.F. (F\u00e9d\u00e9ration Protestante de France) reconna\u00eet ses racines dans ces mouvements. Elle signifie par l\u00e0 qu&rsquo;elle se veut en m\u00eame temps ouverte sur le monde moderne [&hellip;]<\/p>\n","protected":false},"author":2,"featured_media":0,"parent":0,"menu_order":0,"comment_status":"closed","ping_status":"closed","template":"","meta":{"qubely_global_settings":"","qubely_interactions":"","_crdt_document":"","_uag_custom_page_level_css":"","advgb_blocks_editor_width":"","advgb_blocks_columns_visual_guide":"","_themeisle_gutenberg_block_has_review":false,"footnotes":""},"class_list":["post-104","page","type-page","status-publish","hentry"],"featured_image_src":null,"featured_image_src_square":null,"uagb_featured_image_src":{"full":false,"thumbnail":false,"medium":false,"medium_large":false,"large":false,"1536x1536":false,"2048x2048":false,"ab-block-post-grid-landscape":false,"ab-block-post-grid-square":false,"qubely_landscape":false,"qubely_portrait":false,"qubely_thumbnail":false,"gb-block-post-grid-landscape":false,"gb-block-post-grid-square":false,"hestia-blog":false},"uagb_author_info":{"display_name":"Guillaume Gerbore","author_link":"https:\/\/epee33.fr\/?author=2"},"uagb_comment_info":0,"uagb_excerpt":"L&rsquo;E.P.E.E., membre de la C.E.E.F. (Communion des \u00c9glises de l\u2019Espace Francophone) elle-m\u00eame rattach\u00e9e au C.N.E.F. (Conseil National des Evang\u00e9liques de France) et \u00e0 la F.P.F. (F\u00e9d\u00e9ration Protestante de France) reconna\u00eet ses racines dans ces mouvements. Elle signifie par l\u00e0 qu&rsquo;elle se veut en m\u00eame temps ouverte sur le monde moderne [&hellip;]","coauthors":[],"author_meta":{"author_link":"https:\/\/epee33.fr\/?author=2","display_name":"Guillaume Gerbore"},"relative_dates":{"created":"Publi\u00e9 7 ans il y a","modified":"Mis \u00e0 jour 1 an il y a"},"absolute_dates":{"created":"Publi\u00e9 le 20 janvier 2019","modified":"Mise \u00e0 jour le 9 mars 2025"},"absolute_dates_time":{"created":"Publi\u00e9 le 20 janvier 2019 3:55 pm","modified":"Mise \u00e0 jour le 9 mars 2025 4:27 pm"},"featured_img_caption":"","featured_img":false,"series_order":"","jetpack_sharing_enabled":true,"_links":{"self":[{"href":"https:\/\/epee33.fr\/index.php?rest_route=\/wp\/v2\/pages\/104","targetHints":{"allow":["GET"]}}],"collection":[{"href":"https:\/\/epee33.fr\/index.php?rest_route=\/wp\/v2\/pages"}],"about":[{"href":"https:\/\/epee33.fr\/index.php?rest_route=\/wp\/v2\/types\/page"}],"author":[{"embeddable":true,"href":"https:\/\/epee33.fr\/index.php?rest_route=\/wp\/v2\/users\/2"}],"replies":[{"embeddable":true,"href":"https:\/\/epee33.fr\/index.php?rest_route=%2Fwp%2Fv2%2Fcomments&post=104"}],"version-history":[{"count":31,"href":"https:\/\/epee33.fr\/index.php?rest_route=\/wp\/v2\/pages\/104\/revisions"}],"predecessor-version":[{"id":2787,"href":"https:\/\/epee33.fr\/index.php?rest_route=\/wp\/v2\/pages\/104\/revisions\/2787"}],"wp:attachment":[{"href":"https:\/\/epee33.fr\/index.php?rest_route=%2Fwp%2Fv2%2Fmedia&parent=104"}],"curies":[{"name":"wp","href":"https:\/\/api.w.org\/{rel}","templated":true}]}}