{"id":108,"date":"2019-01-20T15:55:36","date_gmt":"2019-01-20T15:55:36","guid":{"rendered":"http:\/\/epee33.fr\/?page_id=108"},"modified":"2019-01-29T12:02:17","modified_gmt":"2019-01-29T12:02:17","slug":"ce-que-nous-croyons","status":"publish","type":"page","link":"https:\/\/epee33.fr\/?page_id=108","title":{"rendered":"Ce que nous croyons"},"content":{"rendered":"\n<p class=\"wp-block-paragraph\"><strong>Nous croyons<\/strong> \u00e0 l\u2019unit\u00e9 du Dieu Vivant, le seul Vrai Dieu ; il existe de toute \u00e9ternit\u00e9 et il est le cr\u00e9ateur de toutes choses. Il s\u2019est r\u00e9v\u00e9l\u00e9 en trois personnes, le P\u00e8re, le Fils et le Saint-Esprit (Deut\u00e9ronome 6.4&nbsp;; Psaume 90.2&nbsp;; Matthieu 28.19)<\/p>\n\n\n\n<p class=\"wp-block-paragraph\"><strong>Nous croyons<\/strong>&nbsp;que la Bible est la Parole de Dieu, elle constitue une r\u00e8gle de foi et de conduite infaillible et compl\u00e8te. (Jean 17.17&nbsp;; 2 Timoth\u00e9e 3.16-17&nbsp;; 2 Pierre 1.20-21)<\/p>\n\n\n\n<p class=\"wp-block-paragraph\"><strong>Nous croyons<\/strong> \u00e0 la naissance virginale du Fils fait homme en la personne du Seigneur J\u00e9sus-Christ. Il a v\u00e9cu sans p\u00e9ch\u00e9. Il a exerc\u00e9 un minist\u00e8re miraculeux. Il est mort sur la Croix \u00e0 notre place pour l\u2019expiation des p\u00e9ch\u00e9s. Il est ressuscit\u00e9 corporellement. Il est mont\u00e9 au Ciel \u00e0 la droite de Dieu et il interc\u00e8de pour nous. Il est le seul m\u00e9diateur entre Dieu et les hommes. Il reviendra en personne dans la puissance et la gloire. (Matthieu 1.18&nbsp;; Luc 1.26-38&nbsp;; H\u00e9breux 4.14-15&nbsp;; Actes 1.9-11 Romains 8.31-34&nbsp;; 1 Timoth\u00e9e 2.5&nbsp;; 1 Thessaloniciens 4.15-17&nbsp;; Matthieu 25.31)<\/p>\n\n\n\n<p class=\"wp-block-paragraph\"><strong>Nous croyons<\/strong> \u00e0 la chute de l\u2019homme. P\u00e9cheur et perdu, il est condamn\u00e9 \u00e0 \u00eatre s\u00e9par\u00e9 \u00e9ternellement de Dieu.<\/p>\n\n\n\n<p class=\"wp-block-paragraph\"><strong>Nous croyons<\/strong> au salut par la repentance envers Dieu et par la foi en J\u00e9sus-Christ. L\u2019homme est justifi\u00e9 par la gr\u00e2ce seule manifest\u00e9e par l\u2019\u0153uvre accomplie par Christ. (Gen\u00e8se 3 ; Romains 3.23-24 ; Marc 1.15 ; Actes 4.12 ; Eph\u00e9siens 2.8-9)<\/p>\n\n\n\n<p class=\"wp-block-paragraph\"><strong>Nous croyons<\/strong> au bapt\u00eame d\u2019eau des croyants par immersion, ainsi qu&rsquo;au bapt\u00eame dans le Saint-Esprit. Nous croyons \u00e0 la sanctification de la vie et de la conduite, voulue par Dieu. (Actes 2.38 et 8.14-17&nbsp;; Actes 10.44-48 et 19.1-7&nbsp;; Romains 5.5&nbsp;; 1 Jean 4.7-21 1 Thessaloniciens 4.1-8 et 5.23-24&nbsp;; H\u00e9breux 12.14)<\/p>\n\n\n\n<p class=\"wp-block-paragraph\"><strong>Nous croyons<\/strong> aux dons du Saint-Esprit et aux minist\u00e8res \u00e9tablis par Dieu dans l\u2019\u00c9glise pour l\u2019\u00e9dification.<\/p>\n\n\n\n<p class=\"wp-block-paragraph\"><strong>Nous croyons<\/strong> qu&rsquo;avant de mourir J\u00e9sus lui-m\u00eame a institu\u00e9 la Sainte C\u00e8ne et nous invitons tous ceux et celles qui croient qu&rsquo;Il est le Sauveur de l&rsquo;humanit\u00e9 et le Seigneur de leurs vies \u00e0 participer chaque dimanche \u00e0 la fraction du pain et au partage de la coupe.<\/p>\n\n\n\n<p class=\"wp-block-paragraph\"><strong>Nous croyons<\/strong> au rassemblement et \u00e0 la formation du Corps du Christ, compos\u00e9 de tous ceux qui, n\u00e9s de nouveau, sont scell\u00e9s et baptis\u00e9s dans le Saint-Esprit pour former un seul corps, au-del\u00e0 des titres d\u00e9nominationnels et des diverses traditions eccl\u00e9siales. Nous partageons l\u2019esprit de l\u2019Alliance \u00c9vang\u00e9lique et nous nous reconnaissons dans la D\u00e9claration de Lausanne. (1 Corinthiens 12&nbsp;; Eph\u00e9siens 4.11-16&nbsp;; Marc 14.22-25&nbsp;; 1 Corinthiens 11.23-32&nbsp;; Jean 10.11-16)<\/p>\n\n\n\n<p class=\"wp-block-paragraph\"><strong>Nous croyons<\/strong> \u00e0 la nouvelle cr\u00e9ation, \u00e9ternelle et glorieuse, compos\u00e9e des \u00ab&nbsp;nouveaux cieux&nbsp;\u00bb et de la \u00ab&nbsp;nouvelle terre&nbsp;\u00bb, autour de Christ et de son \u00e9glise glorifi\u00e9e, dans laquelle Dieu sera tout en tous. (Marc 16.15-16&nbsp;; Matthieu 25.31-46&nbsp;; Apocalypse 20.11-15&nbsp;et 21.1-8 ; 2 Pierre 3.13&nbsp;; 1 Corinthiens 15.22-28)<\/p>\n\n\n\n<div style=\"height:103px\" aria-hidden=\"true\" class=\"wp-block-spacer\"><\/div>\n\n\n\n<h6 class=\"wp-block-heading\" style=\"text-align:left\"><em><strong>Voir aussi:<\/strong><\/em><\/h6>\n\n\n\n<pre class=\"wp-block-verse\"><a href=\"http:\/\/epee33.fr\/nous-connaitre-2\"><strong>Nous connaitre<\/strong><\/a><\/pre>\n\n\n\n<pre class=\"wp-block-verse\"><a href=\"http:\/\/epee33.fr\/notre-appartenance\"><strong>Notre appartenance<\/strong><\/a><\/pre>\n","protected":false},"excerpt":{"rendered":"<p>Nous croyons \u00e0 l\u2019unit\u00e9 du Dieu Vivant, le seul Vrai Dieu ; il existe de toute \u00e9ternit\u00e9 et il est le cr\u00e9ateur de toutes choses. Il s\u2019est r\u00e9v\u00e9l\u00e9 en trois personnes, le P\u00e8re, le Fils et le Saint-Esprit (Deut\u00e9ronome 6.4&nbsp;; Psaume 90.2&nbsp;; Matthieu 28.19) Nous croyons&nbsp;que la Bible est la [&hellip;]<\/p>\n","protected":false},"author":2,"featured_media":0,"parent":0,"menu_order":0,"comment_status":"closed","ping_status":"closed","template":"","meta":{"qubely_global_settings":"","qubely_interactions":"","_crdt_document":"","_uag_custom_page_level_css":"","advgb_blocks_editor_width":"","advgb_blocks_columns_visual_guide":"","_themeisle_gutenberg_block_has_review":false,"footnotes":""},"class_list":["post-108","page","type-page","status-publish","hentry"],"featured_image_src":null,"featured_image_src_square":null,"uagb_featured_image_src":{"full":false,"thumbnail":false,"medium":false,"medium_large":false,"large":false,"1536x1536":false,"2048x2048":false,"ab-block-post-grid-landscape":false,"ab-block-post-grid-square":false,"qubely_landscape":false,"qubely_portrait":false,"qubely_thumbnail":false,"gb-block-post-grid-landscape":false,"gb-block-post-grid-square":false,"hestia-blog":false},"uagb_author_info":{"display_name":"Guillaume Gerbore","author_link":"https:\/\/epee33.fr\/?author=2"},"uagb_comment_info":0,"uagb_excerpt":"Nous croyons \u00e0 l\u2019unit\u00e9 du Dieu Vivant, le seul Vrai Dieu ; il existe de toute \u00e9ternit\u00e9 et il est le cr\u00e9ateur de toutes choses. Il s\u2019est r\u00e9v\u00e9l\u00e9 en trois personnes, le P\u00e8re, le Fils et le Saint-Esprit (Deut\u00e9ronome 6.4&nbsp;; Psaume 90.2&nbsp;; Matthieu 28.19) Nous croyons&nbsp;que la Bible est la [&hellip;]","coauthors":[],"author_meta":{"author_link":"https:\/\/epee33.fr\/?author=2","display_name":"Guillaume Gerbore"},"relative_dates":{"created":"Publi\u00e9 7 ans il y a","modified":"Mis \u00e0 jour 7 ans il y a"},"absolute_dates":{"created":"Publi\u00e9 le 20 janvier 2019","modified":"Mise \u00e0 jour le 29 janvier 2019"},"absolute_dates_time":{"created":"Publi\u00e9 le 20 janvier 2019 3:55 pm","modified":"Mise \u00e0 jour le 29 janvier 2019 12:02 pm"},"featured_img_caption":"","featured_img":false,"series_order":"","jetpack_sharing_enabled":true,"_links":{"self":[{"href":"https:\/\/epee33.fr\/index.php?rest_route=\/wp\/v2\/pages\/108","targetHints":{"allow":["GET"]}}],"collection":[{"href":"https:\/\/epee33.fr\/index.php?rest_route=\/wp\/v2\/pages"}],"about":[{"href":"https:\/\/epee33.fr\/index.php?rest_route=\/wp\/v2\/types\/page"}],"author":[{"embeddable":true,"href":"https:\/\/epee33.fr\/index.php?rest_route=\/wp\/v2\/users\/2"}],"replies":[{"embeddable":true,"href":"https:\/\/epee33.fr\/index.php?rest_route=%2Fwp%2Fv2%2Fcomments&post=108"}],"version-history":[{"count":6,"href":"https:\/\/epee33.fr\/index.php?rest_route=\/wp\/v2\/pages\/108\/revisions"}],"predecessor-version":[{"id":263,"href":"https:\/\/epee33.fr\/index.php?rest_route=\/wp\/v2\/pages\/108\/revisions\/263"}],"wp:attachment":[{"href":"https:\/\/epee33.fr\/index.php?rest_route=%2Fwp%2Fv2%2Fmedia&parent=108"}],"curies":[{"name":"wp","href":"https:\/\/api.w.org\/{rel}","templated":true}]}}