{"id":123,"date":"2019-01-20T16:09:58","date_gmt":"2019-01-20T16:09:58","guid":{"rendered":"http:\/\/epee33.fr\/?page_id=123"},"modified":"2019-01-29T12:03:49","modified_gmt":"2019-01-29T12:03:49","slug":"a-propos-de-nous","status":"publish","type":"page","link":"https:\/\/epee33.fr\/?page_id=123","title":{"rendered":"A propos de nous"},"content":{"rendered":"\n<pre class=\"wp-block-verse\"><a href=\"http:\/\/epee33.fr\/nous-connaitre-2\"><strong>Nous connaitre<\/strong><\/a><\/pre>\n\n\n\n<pre class=\"wp-block-verse\"><a href=\"http:\/\/epee33.fr\/notre-appartenance\"><strong>Notre appartenance<\/strong><\/a><\/pre>\n\n\n\n<pre class=\"wp-block-verse\"><a href=\"http:\/\/epee33.fr\/ce-que-nous-croyons\"><strong>Ce que nous croyons<\/strong><\/a><\/pre>\n","protected":false},"excerpt":{"rendered":"","protected":false},"author":2,"featured_media":0,"parent":0,"menu_order":0,"comment_status":"closed","ping_status":"closed","template":"","meta":{"qubely_global_settings":"","qubely_interactions":"","_crdt_document":"","_uag_custom_page_level_css":"","advgb_blocks_editor_width":"","advgb_blocks_columns_visual_guide":"","_themeisle_gutenberg_block_has_review":false,"footnotes":""},"class_list":["post-123","page","type-page","status-publish","hentry"],"featured_image_src":null,"featured_image_src_square":null,"uagb_featured_image_src":{"full":false,"thumbnail":false,"medium":false,"medium_large":false,"large":false,"1536x1536":false,"2048x2048":false,"ab-block-post-grid-landscape":false,"ab-block-post-grid-square":false,"qubely_landscape":false,"qubely_portrait":false,"qubely_thumbnail":false,"gb-block-post-grid-landscape":false,"gb-block-post-grid-square":false,"hestia-blog":false},"uagb_author_info":{"display_name":"Guillaume Gerbore","author_link":"https:\/\/epee33.fr\/?author=2"},"uagb_comment_info":0,"uagb_excerpt":null,"coauthors":[],"author_meta":{"author_link":"https:\/\/epee33.fr\/?author=2","display_name":"Guillaume Gerbore"},"relative_dates":{"created":"Publi\u00e9 7 ans il y a","modified":"Mis \u00e0 jour 7 ans il y a"},"absolute_dates":{"created":"Publi\u00e9 le 20 janvier 2019","modified":"Mise \u00e0 jour le 29 janvier 2019"},"absolute_dates_time":{"created":"Publi\u00e9 le 20 janvier 2019 4:09 pm","modified":"Mise \u00e0 jour le 29 janvier 2019 12:03 pm"},"featured_img_caption":"","featured_img":false,"series_order":"","jetpack_sharing_enabled":true,"_links":{"self":[{"href":"https:\/\/epee33.fr\/index.php?rest_route=\/wp\/v2\/pages\/123","targetHints":{"allow":["GET"]}}],"collection":[{"href":"https:\/\/epee33.fr\/index.php?rest_route=\/wp\/v2\/pages"}],"about":[{"href":"https:\/\/epee33.fr\/index.php?rest_route=\/wp\/v2\/types\/page"}],"author":[{"embeddable":true,"href":"https:\/\/epee33.fr\/index.php?rest_route=\/wp\/v2\/users\/2"}],"replies":[{"embeddable":true,"href":"https:\/\/epee33.fr\/index.php?rest_route=%2Fwp%2Fv2%2Fcomments&post=123"}],"version-history":[{"count":16,"href":"https:\/\/epee33.fr\/index.php?rest_route=\/wp\/v2\/pages\/123\/revisions"}],"predecessor-version":[{"id":265,"href":"https:\/\/epee33.fr\/index.php?rest_route=\/wp\/v2\/pages\/123\/revisions\/265"}],"wp:attachment":[{"href":"https:\/\/epee33.fr\/index.php?rest_route=%2Fwp%2Fv2%2Fmedia&parent=123"}],"curies":[{"name":"wp","href":"https:\/\/api.w.org\/{rel}","templated":true}]}}