{"id":208,"date":"2019-01-27T18:21:49","date_gmt":"2019-01-27T18:21:49","guid":{"rendered":"http:\/\/epee33.fr\/?page_id=208"},"modified":"2019-02-13T18:21:41","modified_gmt":"2019-02-13T18:21:41","slug":"nous-situer","status":"publish","type":"page","link":"https:\/\/epee33.fr\/?page_id=208","title":{"rendered":"Nous situer"},"content":{"rendered":"\n<h2 class=\"wp-block-heading\">Tous les dimanches<\/h2>\n\n\n\n<p class=\"wp-block-paragraph\">De 10H30 \u00e0 12H00<\/p>\n\n\n\n<iframe src=\"https:\/\/www.google.com\/maps\/embed?pb=!1m18!1m12!1m3!1d2827.3218588187633!2d-0.6472986843488497!3d44.87609857909841!2m3!1f0!2f0!3f0!3m2!1i1024!2i768!4f13.1!3m3!1m2!1s0xd54d70f408edecf%3A0xc54da120c7702c91!2s31+Rue+du+Breteil%2C+33320+Eysines!5e0!3m2!1sfr!2sfr!4v1548613656041\" width=\"800\" height=\"600\" frameborder=\"0\" style=\"border:0\" allowfullscreen=\"\"><\/iframe>\n\n\n\n<div style=\"height:62px\" aria-hidden=\"true\" class=\"wp-block-spacer\"><\/div>\n\n\n\n<ul class=\"wp-block-gallery alignfull columns-2 is-cropped wp-block-gallery-1\"><li class=\"blocks-gallery-item\"><figure><img data-opt-id=948686651  fetchpriority=\"high\" decoding=\"async\" width=\"1024\" height=\"440\" src=\"https:\/\/ml57eltlf4tn.i.optimole.com\/w:1024\/h:440\/q:mauto\/ig:avif\/http:\/\/epee33.fr\/wp-content\/uploads\/2019\/02\/Façade-eglise-1-e1550081600525.jpg\" alt=\"\" data-id=\"434\" data-link=\"http:\/\/epee33.fr\/facade-eglise-2\" class=\"wp-image-434\" srcset=\"https:\/\/ml57eltlf4tn.i.optimole.com\/w:1024\/h:440\/q:mauto\/ig:avif\/https:\/\/epee33.fr\/wp-content\/uploads\/2019\/02\/Fa\u00e7ade-eglise-1-e1550081600525.jpg 1024w, https:\/\/ml57eltlf4tn.i.optimole.com\/w:300\/h:129\/q:mauto\/ig:avif\/https:\/\/epee33.fr\/wp-content\/uploads\/2019\/02\/Fa\u00e7ade-eglise-1-e1550081600525.jpg 300w, https:\/\/ml57eltlf4tn.i.optimole.com\/w:768\/h:330\/q:mauto\/ig:avif\/https:\/\/epee33.fr\/wp-content\/uploads\/2019\/02\/Fa\u00e7ade-eglise-1-e1550081600525.jpg 768w\" sizes=\"(max-width: 750px) 100vw, 750px\" \/><\/figure><\/li><li class=\"blocks-gallery-item\"><figure><img data-opt-id=762668136  fetchpriority=\"high\" decoding=\"async\" width=\"1024\" height=\"422\" src=\"https:\/\/ml57eltlf4tn.i.optimole.com\/w:1024\/h:422\/q:mauto\/ig:avif\/http:\/\/epee33.fr\/wp-content\/uploads\/2019\/02\/Intérieur-église-3-e1550082025717.jpg\" alt=\"\" data-id=\"442\" data-link=\"http:\/\/epee33.fr\/interieur-eglise-4\" class=\"wp-image-442 is-layout-flex wp-block-gallery-is-layout-flex\" srcset=\"https:\/\/ml57eltlf4tn.i.optimole.com\/w:1024\/h:422\/q:mauto\/ig:avif\/https:\/\/epee33.fr\/wp-content\/uploads\/2019\/02\/Int\u00e9rieur-\u00e9glise-3-e1550082025717.jpg 1024w, https:\/\/ml57eltlf4tn.i.optimole.com\/w:300\/h:124\/q:mauto\/ig:avif\/https:\/\/epee33.fr\/wp-content\/uploads\/2019\/02\/Int\u00e9rieur-\u00e9glise-3-e1550082025717.jpg 300w, https:\/\/ml57eltlf4tn.i.optimole.com\/w:768\/h:317\/q:mauto\/ig:avif\/https:\/\/epee33.fr\/wp-content\/uploads\/2019\/02\/Int\u00e9rieur-\u00e9glise-3-e1550082025717.jpg 768w\" sizes=\"(max-width: 750px) 100vw, 750px\" \/><\/figure><\/li><\/ul>\n","protected":false},"excerpt":{"rendered":"<p>Tous les dimanches De 10H30 \u00e0 12H00<\/p>\n","protected":false},"author":2,"featured_media":0,"parent":0,"menu_order":0,"comment_status":"closed","ping_status":"closed","template":"","meta":{"qubely_global_settings":"","qubely_interactions":"","_crdt_document":"","_uag_custom_page_level_css":"","advgb_blocks_editor_width":"","advgb_blocks_columns_visual_guide":"","_themeisle_gutenberg_block_has_review":false,"footnotes":""},"class_list":["post-208","page","type-page","status-publish","hentry"],"featured_image_src":null,"featured_image_src_square":null,"uagb_featured_image_src":{"full":false,"thumbnail":false,"medium":false,"medium_large":false,"large":false,"1536x1536":false,"2048x2048":false,"ab-block-post-grid-landscape":false,"ab-block-post-grid-square":false,"qubely_landscape":false,"qubely_portrait":false,"qubely_thumbnail":false,"gb-block-post-grid-landscape":false,"gb-block-post-grid-square":false,"hestia-blog":false},"uagb_author_info":{"display_name":"Guillaume Gerbore","author_link":"https:\/\/epee33.fr\/?author=2"},"uagb_comment_info":0,"uagb_excerpt":"Tous les dimanches De 10H30 \u00e0 12H00","coauthors":[],"author_meta":{"author_link":"https:\/\/epee33.fr\/?author=2","display_name":"Guillaume Gerbore"},"relative_dates":{"created":"Publi\u00e9 7 ans il y a","modified":"Mis \u00e0 jour 7 ans il y a"},"absolute_dates":{"created":"Publi\u00e9 le 27 janvier 2019","modified":"Mise \u00e0 jour le 13 f\u00e9vrier 2019"},"absolute_dates_time":{"created":"Publi\u00e9 le 27 janvier 2019 6:21 pm","modified":"Mise \u00e0 jour le 13 f\u00e9vrier 2019 6:21 pm"},"featured_img_caption":"","featured_img":false,"series_order":"","jetpack_sharing_enabled":true,"_links":{"self":[{"href":"https:\/\/epee33.fr\/index.php?rest_route=\/wp\/v2\/pages\/208","targetHints":{"allow":["GET"]}}],"collection":[{"href":"https:\/\/epee33.fr\/index.php?rest_route=\/wp\/v2\/pages"}],"about":[{"href":"https:\/\/epee33.fr\/index.php?rest_route=\/wp\/v2\/types\/page"}],"author":[{"embeddable":true,"href":"https:\/\/epee33.fr\/index.php?rest_route=\/wp\/v2\/users\/2"}],"replies":[{"embeddable":true,"href":"https:\/\/epee33.fr\/index.php?rest_route=%2Fwp%2Fv2%2Fcomments&post=208"}],"version-history":[{"count":32,"href":"https:\/\/epee33.fr\/index.php?rest_route=\/wp\/v2\/pages\/208\/revisions"}],"predecessor-version":[{"id":443,"href":"https:\/\/epee33.fr\/index.php?rest_route=\/wp\/v2\/pages\/208\/revisions\/443"}],"wp:attachment":[{"href":"https:\/\/epee33.fr\/index.php?rest_route=%2Fwp%2Fv2%2Fmedia&parent=208"}],"curies":[{"name":"wp","href":"https:\/\/api.w.org\/{rel}","templated":true}]}}