{"id":28,"date":"2018-11-16T17:32:44","date_gmt":"2018-11-16T17:32:44","guid":{"rendered":"http:\/\/epee33.fr\/?page_id=28"},"modified":"2026-02-27T17:55:29","modified_gmt":"2026-02-27T17:55:29","slug":"accueil","status":"publish","type":"page","link":"https:\/\/epee33.fr\/","title":{"rendered":"Actualit\u00e9s"},"content":{"rendered":"\n<hr class=\"wp-block-separator has-css-opacity\"\/>\n\n\n\n<div style=\"height:76px\" aria-hidden=\"true\" class=\"wp-block-spacer\"><\/div>\n\n\n\n<figure class=\"wp-block-embed alignwide is-type-video is-provider-youtube wp-block-embed-youtube animated fadeIn wp-embed-aspect-16-9 wp-has-aspect-ratio\"><div class=\"wp-block-embed__wrapper\">\n<iframe title=\"DE LA PERS\u00c9V\u00c9RANCE \u00c0 LA PI\u00c9T\u00c9\" width=\"750\" height=\"422\" src=\"https:\/\/www.youtube.com\/embed\/Wtnq-_nay9o?feature=oembed\" frameborder=\"0\" allow=\"accelerometer; autoplay; clipboard-write; encrypted-media; gyroscope; picture-in-picture; web-share\" referrerpolicy=\"strict-origin-when-cross-origin\" allowfullscreen><\/iframe>\n<\/div><\/figure>\n\n\n\n<div style=\"height:61px\" aria-hidden=\"true\" class=\"wp-block-spacer\"><\/div>\n\n\n\n<hr class=\"wp-block-separator has-css-opacity is-style-wide\"\/>\n\n\n\n<p class=\"wp-block-paragraph\"><\/p>\n","protected":false},"excerpt":{"rendered":"","protected":false},"author":2,"featured_media":128,"parent":0,"menu_order":0,"comment_status":"closed","ping_status":"closed","template":"","meta":{"qubely_global_settings":"","qubely_interactions":"","_crdt_document":"","_uag_custom_page_level_css":"","advgb_blocks_editor_width":"","advgb_blocks_columns_visual_guide":"","_themeisle_gutenberg_block_has_review":false,"footnotes":""},"class_list":["post-28","page","type-page","status-publish","has-post-thumbnail","hentry"],"featured_image_src":"https:\/\/ml57eltlf4tn.i.optimole.com\/w:auto\/h:auto\/q:mauto\/ig:avif\/https:\/\/epee33.fr\/wp-content\/uploads\/2019\/01\/ales-me-663246-unsplash.jpg","featured_image_src_square":"https:\/\/ml57eltlf4tn.i.optimole.com\/w:auto\/h:auto\/q:mauto\/ig:avif\/https:\/\/epee33.fr\/wp-content\/uploads\/2019\/01\/ales-me-663246-unsplash.jpg","uagb_featured_image_src":{"full":["https:\/\/ml57eltlf4tn.i.optimole.com\/w:auto\/h:auto\/q:mauto\/ig:avif\/https:\/\/epee33.fr\/wp-content\/uploads\/2019\/01\/ales-me-663246-unsplash.jpg",6000,4000,false],"thumbnail":["https:\/\/ml57eltlf4tn.i.optimole.com\/w:150\/h:150\/q:mauto\/rt:fill\/g:ce\/ig:avif\/https:\/\/epee33.fr\/wp-content\/uploads\/2019\/01\/ales-me-663246-unsplash.jpg",150,150,true],"medium":["https:\/\/ml57eltlf4tn.i.optimole.com\/w:300\/h:200\/q:mauto\/ig:avif\/https:\/\/epee33.fr\/wp-content\/uploads\/2019\/01\/ales-me-663246-unsplash.jpg",300,200,true],"medium_large":["https:\/\/ml57eltlf4tn.i.optimole.com\/w:768\/h:512\/q:mauto\/ig:avif\/https:\/\/epee33.fr\/wp-content\/uploads\/2019\/01\/ales-me-663246-unsplash.jpg",750,500,true],"large":["https:\/\/ml57eltlf4tn.i.optimole.com\/w:1024\/h:683\/q:mauto\/ig:avif\/https:\/\/epee33.fr\/wp-content\/uploads\/2019\/01\/ales-me-663246-unsplash.jpg",750,500,true],"1536x1536":["https:\/\/ml57eltlf4tn.i.optimole.com\/w:auto\/h:auto\/q:mauto\/ig:avif\/https:\/\/epee33.fr\/wp-content\/uploads\/2019\/01\/ales-me-663246-unsplash.jpg",1536,1024,false],"2048x2048":["https:\/\/ml57eltlf4tn.i.optimole.com\/w:auto\/h:auto\/q:mauto\/ig:avif\/https:\/\/epee33.fr\/wp-content\/uploads\/2019\/01\/ales-me-663246-unsplash.jpg",2048,1365,false],"ab-block-post-grid-landscape":["https:\/\/ml57eltlf4tn.i.optimole.com\/w:auto\/h:auto\/q:mauto\/ig:avif\/https:\/\/epee33.fr\/wp-content\/uploads\/2019\/01\/ales-me-663246-unsplash.jpg",600,400,false],"ab-block-post-grid-square":["https:\/\/ml57eltlf4tn.i.optimole.com\/w:auto\/h:auto\/q:mauto\/ig:avif\/https:\/\/epee33.fr\/wp-content\/uploads\/2019\/01\/ales-me-663246-unsplash.jpg",600,400,false],"qubely_landscape":["https:\/\/ml57eltlf4tn.i.optimole.com\/w:auto\/h:auto\/q:mauto\/ig:avif\/https:\/\/epee33.fr\/wp-content\/uploads\/2019\/01\/ales-me-663246-unsplash.jpg",1125,750,false],"qubely_portrait":["https:\/\/ml57eltlf4tn.i.optimole.com\/w:auto\/h:auto\/q:mauto\/ig:avif\/https:\/\/epee33.fr\/wp-content\/uploads\/2019\/01\/ales-me-663246-unsplash.jpg",480,320,false],"qubely_thumbnail":["https:\/\/ml57eltlf4tn.i.optimole.com\/w:auto\/h:auto\/q:mauto\/ig:avif\/https:\/\/epee33.fr\/wp-content\/uploads\/2019\/01\/ales-me-663246-unsplash.jpg",140,93,false],"gb-block-post-grid-landscape":["https:\/\/ml57eltlf4tn.i.optimole.com\/w:auto\/h:auto\/q:mauto\/ig:avif\/https:\/\/epee33.fr\/wp-content\/uploads\/2019\/01\/ales-me-663246-unsplash.jpg",600,400,false],"gb-block-post-grid-square":["https:\/\/ml57eltlf4tn.i.optimole.com\/w:auto\/h:auto\/q:mauto\/ig:avif\/https:\/\/epee33.fr\/wp-content\/uploads\/2019\/01\/ales-me-663246-unsplash.jpg",600,400,false],"hestia-blog":["https:\/\/ml57eltlf4tn.i.optimole.com\/w:360\/h:240\/q:mauto\/rt:fill\/g:ce\/ig:avif\/https:\/\/epee33.fr\/wp-content\/uploads\/2019\/01\/ales-me-663246-unsplash.jpg",360,240,true]},"uagb_author_info":{"display_name":"Guillaume Gerbore","author_link":"https:\/\/epee33.fr\/?author=2"},"uagb_comment_info":0,"uagb_excerpt":null,"coauthors":[],"author_meta":{"author_link":"https:\/\/epee33.fr\/?author=2","display_name":"Guillaume Gerbore"},"relative_dates":{"created":"Publi\u00e9 7 ans il y a","modified":"Mis \u00e0 jour 1 mois il y a"},"absolute_dates":{"created":"Publi\u00e9 le 16 novembre 2018","modified":"Mise \u00e0 jour le 27 f\u00e9vrier 2026"},"absolute_dates_time":{"created":"Publi\u00e9 le 16 novembre 2018 5:32 pm","modified":"Mise \u00e0 jour le 27 f\u00e9vrier 2026 5:55 pm"},"featured_img_caption":"","featured_img":"https:\/\/ml57eltlf4tn.i.optimole.com\/w:auto\/h:auto\/q:mauto\/ig:avif\/https:\/\/epee33.fr\/wp-content\/uploads\/2019\/01\/ales-me-663246-unsplash.jpg","series_order":"","jetpack_sharing_enabled":true,"_links":{"self":[{"href":"https:\/\/epee33.fr\/index.php?rest_route=\/wp\/v2\/pages\/28","targetHints":{"allow":["GET"]}}],"collection":[{"href":"https:\/\/epee33.fr\/index.php?rest_route=\/wp\/v2\/pages"}],"about":[{"href":"https:\/\/epee33.fr\/index.php?rest_route=\/wp\/v2\/types\/page"}],"author":[{"embeddable":true,"href":"https:\/\/epee33.fr\/index.php?rest_route=\/wp\/v2\/users\/2"}],"replies":[{"embeddable":true,"href":"https:\/\/epee33.fr\/index.php?rest_route=%2Fwp%2Fv2%2Fcomments&post=28"}],"version-history":[{"count":31,"href":"https:\/\/epee33.fr\/index.php?rest_route=\/wp\/v2\/pages\/28\/revisions"}],"predecessor-version":[{"id":2982,"href":"https:\/\/epee33.fr\/index.php?rest_route=\/wp\/v2\/pages\/28\/revisions\/2982"}],"wp:featuredmedia":[{"embeddable":true,"href":"https:\/\/epee33.fr\/index.php?rest_route=\/wp\/v2\/media\/128"}],"wp:attachment":[{"href":"https:\/\/epee33.fr\/index.php?rest_route=%2Fwp%2Fv2%2Fmedia&parent=28"}],"curies":[{"name":"wp","href":"https:\/\/api.w.org\/{rel}","templated":true}]}}