{"id":29,"date":"2018-11-16T17:32:44","date_gmt":"2018-11-16T17:32:44","guid":{"rendered":"http:\/\/epee33.fr\/?page_id=29"},"modified":"2019-01-30T15:50:06","modified_gmt":"2019-01-30T15:50:06","slug":"nous-connaitre-2","status":"publish","type":"page","link":"https:\/\/epee33.fr\/?page_id=29","title":{"rendered":"Nous conna\u00eetre"},"content":{"rendered":"<p><strong>E.P.E.E. = Eglise Protestante Evang\u00e9lique d&rsquo;Eysines = une Eglise Protestante Evang\u00e9lique d&rsquo;Aujourd&rsquo;hui<\/strong><\/p>\n<p><strong>Une Eglise :<\/strong> Un lieu de la rencontre entre Dieu et les hommes; c&rsquo;est-\u00e0-dire \u00e0 la fois un lieu d\u2019accueil de la pr\u00e9sence de Dieu et un lieu d\u2019accueil des hommes et des femmes, quelles que soient leurs situations. Nos parcours de vie sont tr\u00e8s vari\u00e9s, mais notre t\u00e9moignage commun repose sur une rencontre personnelle avec J\u00e9sus-Christ.<\/p>\n<p>Pour nous, l\u2019\u00c9glise n\u2019est pas un \u00e9difice, une organisation religieuse hi\u00e9rarchis\u00e9e, mais une r\u00e9alit\u00e9 spirituelle qui se concr\u00e9tise en communaut\u00e9s fraternelles, non cl\u00e9ricales, o\u00f9 chacun participe avec les dons re\u00e7us du Saint-Esprit. Chacun devient membre de l\u2019\u00c9glise Universelle par la nouvelle naissance. Il devient membre d\u2019une \u00e9glise locale par une adh\u00e9sion personnelle, par un libre choix.<\/p>\n<p><strong>Protestante :<\/strong> Notre Foi, notre Esp\u00e9rance et notre Amour sont enracin\u00e9s dans l\u2019\u00c9criture. La R\u00e9forme au XVI\u00b0 si\u00e8cle a rappel\u00e9 au monde chr\u00e9tien &nbsp;\u00ab\u00a0par la Foi seule, par l\u2019\u00c9criture seule et par la Gr\u00e2ce seule\u00a0\u00bb comme moyen de salut, rajoutant m\u00eame \u00ab\u00a0Par le Christ seul\u00a0\u00bb et \u00ab\u00a0Pour la seule Gloire de Dieu\u00a0\u00bb.<\/p>\n<p><strong>Evang\u00e9lique:<\/strong> Une foi vivante, bas\u00e9e sur la Bonne Nouvelle (Evangile) que JESUS-CHRIST, seul m\u00e9diateur entre Dieu et l&rsquo;humanit\u00e9, est venu chercher et sauver ceux qui sont perdus, afin de les r\u00e9concilier avec le P\u00e8re. Cela se traduit par une d\u00e9marche personnelle et individuelle, concr\u00e9tis\u00e9e par le Bapt\u00eame d&rsquo;eau.<\/p>\n<p><strong>A Eysines, aujourd&rsquo;hui :<\/strong> Les principes bibliques sont \u00e9ternels et universels, mais la foi s\u2019incarne dans un contexte culturel. Ainsi notre culte est-il c\u00e9l\u00e9br\u00e9 chaque dimanche par une musique contemporaine, ainsi que des messages, qui, issus de la Bible, nous interpellent sur les pr\u00e9occupations et les besoins de notre temps. Nous croyons qu&rsquo;au-del\u00e0 des discours, nous sommes appel\u00e9s \u00e0 vivre notre foi concr\u00e8tement dans notre cit\u00e9.<\/p>\n<h3><strong><u>NOS OBJECTIFS:<\/u><\/strong><\/h3>\n<p><em>&nbsp; &nbsp; &nbsp; &nbsp; &nbsp; &nbsp; &nbsp; &nbsp; &nbsp; -Manifester le Royaume de Dieu l\u00e0 o\u00f9 nous sommes<\/em><br><em>&nbsp; &nbsp; &nbsp; &nbsp; &nbsp; &nbsp; &nbsp; &nbsp; &nbsp; -Implanter l&rsquo;Eglise l\u00e0 o\u00f9 il n&rsquo;y a pas encore de lieux de vie<\/em><\/p>\n\n\n<div style=\"height:158px\" aria-hidden=\"true\" class=\"wp-block-spacer\"><\/div>\n\n\n\n<h6 class=\"wp-block-heading\" style=\"text-align:left\"><em><strong>Voir aussi:<\/strong><\/em><\/h6>\n\n\n\n<pre class=\"wp-block-verse\"><a href=\"http:\/\/epee33.fr\/notre-appartenance\"><strong>Notre appartenance<\/strong><\/a><\/pre>\n\n\n\n<pre class=\"wp-block-verse\"><a href=\"http:\/\/epee33.fr\/ce-que-nous-croyons\"><strong>Ce que nous croyons<\/strong><\/a><\/pre>\n","protected":false},"excerpt":{"rendered":"<p>E.P.E.E. = Eglise Protestante Evang\u00e9lique d&rsquo;Eysines = une Eglise Protestante Evang\u00e9lique d&rsquo;Aujourd&rsquo;hui Une Eglise : Un lieu de la rencontre entre Dieu et les hommes; c&rsquo;est-\u00e0-dire \u00e0 la fois un lieu d\u2019accueil de la pr\u00e9sence de Dieu et un lieu d\u2019accueil des hommes et des femmes, quelles que soient leurs [&hellip;]<\/p>\n","protected":false},"author":2,"featured_media":0,"parent":0,"menu_order":0,"comment_status":"closed","ping_status":"closed","template":"","meta":{"qubely_global_settings":"","qubely_interactions":"","_crdt_document":"","_uag_custom_page_level_css":"","advgb_blocks_editor_width":"","advgb_blocks_columns_visual_guide":"","_themeisle_gutenberg_block_has_review":false,"footnotes":""},"class_list":["post-29","page","type-page","status-publish","hentry"],"featured_image_src":null,"featured_image_src_square":null,"uagb_featured_image_src":{"full":false,"thumbnail":false,"medium":false,"medium_large":false,"large":false,"1536x1536":false,"2048x2048":false,"ab-block-post-grid-landscape":false,"ab-block-post-grid-square":false,"qubely_landscape":false,"qubely_portrait":false,"qubely_thumbnail":false,"gb-block-post-grid-landscape":false,"gb-block-post-grid-square":false,"hestia-blog":false},"uagb_author_info":{"display_name":"Guillaume Gerbore","author_link":"https:\/\/epee33.fr\/?author=2"},"uagb_comment_info":0,"uagb_excerpt":"E.P.E.E. = Eglise Protestante Evang\u00e9lique d&rsquo;Eysines = une Eglise Protestante Evang\u00e9lique d&rsquo;Aujourd&rsquo;hui Une Eglise : Un lieu de la rencontre entre Dieu et les hommes; c&rsquo;est-\u00e0-dire \u00e0 la fois un lieu d\u2019accueil de la pr\u00e9sence de Dieu et un lieu d\u2019accueil des hommes et des femmes, quelles que soient leurs [&hellip;]","coauthors":[],"author_meta":{"author_link":"https:\/\/epee33.fr\/?author=2","display_name":"Guillaume Gerbore"},"relative_dates":{"created":"Publi\u00e9 7 ans il y a","modified":"Mis \u00e0 jour 7 ans il y a"},"absolute_dates":{"created":"Publi\u00e9 le 16 novembre 2018","modified":"Mise \u00e0 jour le 30 janvier 2019"},"absolute_dates_time":{"created":"Publi\u00e9 le 16 novembre 2018 5:32 pm","modified":"Mise \u00e0 jour le 30 janvier 2019 3:50 pm"},"featured_img_caption":"","featured_img":false,"series_order":"","jetpack_sharing_enabled":true,"_links":{"self":[{"href":"https:\/\/epee33.fr\/index.php?rest_route=\/wp\/v2\/pages\/29","targetHints":{"allow":["GET"]}}],"collection":[{"href":"https:\/\/epee33.fr\/index.php?rest_route=\/wp\/v2\/pages"}],"about":[{"href":"https:\/\/epee33.fr\/index.php?rest_route=\/wp\/v2\/types\/page"}],"author":[{"embeddable":true,"href":"https:\/\/epee33.fr\/index.php?rest_route=\/wp\/v2\/users\/2"}],"replies":[{"embeddable":true,"href":"https:\/\/epee33.fr\/index.php?rest_route=%2Fwp%2Fv2%2Fcomments&post=29"}],"version-history":[{"count":24,"href":"https:\/\/epee33.fr\/index.php?rest_route=\/wp\/v2\/pages\/29\/revisions"}],"predecessor-version":[{"id":311,"href":"https:\/\/epee33.fr\/index.php?rest_route=\/wp\/v2\/pages\/29\/revisions\/311"}],"wp:attachment":[{"href":"https:\/\/epee33.fr\/index.php?rest_route=%2Fwp%2Fv2%2Fmedia&parent=29"}],"curies":[{"name":"wp","href":"https:\/\/api.w.org\/{rel}","templated":true}]}}