{"id":30,"date":"2018-11-16T17:32:44","date_gmt":"2018-11-16T17:32:44","guid":{"rendered":"http:\/\/epee33.fr\/?page_id=30"},"modified":"2019-01-30T16:08:54","modified_gmt":"2019-01-30T16:08:54","slug":"contact","status":"publish","type":"page","link":"https:\/\/epee33.fr\/?page_id=30","title":{"rendered":"Contact"},"content":{"rendered":"\n<p class=\"wp-block-paragraph\"><div class=\"wpforms-container wpforms-container-full\" id=\"wpforms-162\"><form id=\"wpforms-form-162\" class=\"wpforms-validate wpforms-form\" data-formid=\"162\" method=\"post\" enctype=\"multipart\/form-data\" action=\"\/index.php?rest_route=%2Fwp%2Fv2%2Fpages%2F30\" data-token=\"34ac2b6a545678a5b92d7138b8efb64c\" data-token-time=\"1776020898\"><noscript class=\"wpforms-error-noscript\">Veuillez activer JavaScript dans votre navigateur pour remplir ce formulaire.<\/noscript><div class=\"wpforms-field-container\"><div id=\"wpforms-162-field_0-container\" class=\"wpforms-field wpforms-field-name\" data-field-id=\"0\"><label class=\"wpforms-field-label\">Nom <span class=\"wpforms-required-label\">*<\/span><\/label><div class=\"wpforms-field-row wpforms-field-medium\"><div class=\"wpforms-field-row-block wpforms-first wpforms-one-half\"><input type=\"text\" id=\"wpforms-162-field_0\" class=\"wpforms-field-name-first wpforms-field-required\" name=\"wpforms[fields][0][first]\" required><label for=\"wpforms-162-field_0\" class=\"wpforms-field-sublabel after\">Pr\u00e9nom<\/label><\/div><div class=\"wpforms-field-row-block wpforms-one-half\"><input type=\"text\" id=\"wpforms-162-field_0-last\" class=\"wpforms-field-name-last wpforms-field-required\" name=\"wpforms[fields][0][last]\" required><label for=\"wpforms-162-field_0-last\" class=\"wpforms-field-sublabel after\">Nom<\/label><\/div><\/div><\/div><div id=\"wpforms-162-field_1-container\" class=\"wpforms-field wpforms-field-email\" data-field-id=\"1\"><label class=\"wpforms-field-label\" for=\"wpforms-162-field_1\">Votre e-mail <span class=\"wpforms-required-label\">*<\/span><\/label><input type=\"email\" id=\"wpforms-162-field_1\" class=\"wpforms-field-medium wpforms-field-required\" name=\"wpforms[fields][1]\" spellcheck=\"false\" required><\/div><div id=\"wpforms-162-field_2-container\" class=\"wpforms-field wpforms-field-textarea\" data-field-id=\"2\"><label class=\"wpforms-field-label\" for=\"wpforms-162-field_2\">Votre question ou commentaire <span class=\"wpforms-required-label\">*<\/span><\/label><textarea id=\"wpforms-162-field_2\" class=\"wpforms-field-medium wpforms-field-required\" name=\"wpforms[fields][2]\" required><\/textarea><\/div><\/div><!-- .wpforms-field-container --><div class=\"wpforms-field wpforms-field-hp\"><label for=\"wpforms-162-field-hp\" class=\"wpforms-field-label\">Name<\/label><input type=\"text\" name=\"wpforms[hp]\" id=\"wpforms-162-field-hp\" class=\"wpforms-field-medium\"><\/div><div class=\"wpforms-recaptcha-container wpforms-is-recaptcha wpforms-is-recaptcha-type-v2\" ><div class=\"g-recaptcha\" data-sitekey=\"6LcOiKgUAAAAAL97ynvyCfMnJsZLUdgqORV-MyW-\"><\/div><input type=\"text\" name=\"g-recaptcha-hidden\" class=\"wpforms-recaptcha-hidden\" style=\"position:absolute!important;clip:rect(0,0,0,0)!important;height:1px!important;width:1px!important;border:0!important;overflow:hidden!important;padding:0!important;margin:0!important;\" data-rule-recaptcha=\"1\"><\/div><div class=\"wpforms-submit-container\" ><input type=\"hidden\" name=\"wpforms[id]\" value=\"162\"><input type=\"hidden\" name=\"page_title\" value=\"\"><input type=\"hidden\" name=\"page_url\" value=\"https:\/\/epee33.fr\/index.php?rest_route=\/wp\/v2\/pages\/30\"><input type=\"hidden\" name=\"url_referer\" value=\"\"><button type=\"submit\" name=\"wpforms[submit]\" id=\"wpforms-submit-162\" class=\"wpforms-submit\" data-alt-text=\"Envoi en cour...\" data-submit-text=\"Envoyer\" aria-live=\"assertive\" value=\"wpforms-submit\">Envoyer<\/button><\/div><\/form><\/div>  <!-- .wpforms-container -->\n","protected":false},"excerpt":{"rendered":"","protected":false},"author":2,"featured_media":25,"parent":0,"menu_order":0,"comment_status":"closed","ping_status":"closed","template":"","meta":{"qubely_global_settings":"","qubely_interactions":"","_crdt_document":"","_uag_custom_page_level_css":"","advgb_blocks_editor_width":"","advgb_blocks_columns_visual_guide":"","_themeisle_gutenberg_block_has_review":false,"footnotes":""},"class_list":["post-30","page","type-page","status-publish","has-post-thumbnail","hentry"],"featured_image_src":"https:\/\/ml57eltlf4tn.i.optimole.com\/w:auto\/h:auto\/q:mauto\/ig:avif\/https:\/\/epee33.fr\/wp-content\/uploads\/2018\/11\/espresso.jpg","featured_image_src_square":"https:\/\/ml57eltlf4tn.i.optimole.com\/w:auto\/h:auto\/q:mauto\/ig:avif\/https:\/\/epee33.fr\/wp-content\/uploads\/2018\/11\/espresso.jpg","uagb_featured_image_src":{"full":["https:\/\/ml57eltlf4tn.i.optimole.com\/w:auto\/h:auto\/q:mauto\/ig:avif\/https:\/\/epee33.fr\/wp-content\/uploads\/2018\/11\/espresso.jpg",2000,1200,false],"thumbnail":["https:\/\/ml57eltlf4tn.i.optimole.com\/w:150\/h:150\/q:mauto\/rt:fill\/g:ce\/ig:avif\/https:\/\/epee33.fr\/wp-content\/uploads\/2018\/11\/espresso.jpg",150,150,true],"medium":["https:\/\/ml57eltlf4tn.i.optimole.com\/w:300\/h:180\/q:mauto\/ig:avif\/https:\/\/epee33.fr\/wp-content\/uploads\/2018\/11\/espresso.jpg",300,180,true],"medium_large":["https:\/\/ml57eltlf4tn.i.optimole.com\/w:768\/h:461\/q:mauto\/ig:avif\/https:\/\/epee33.fr\/wp-content\/uploads\/2018\/11\/espresso.jpg",750,450,true],"large":["https:\/\/ml57eltlf4tn.i.optimole.com\/w:1024\/h:614\/q:mauto\/ig:avif\/https:\/\/epee33.fr\/wp-content\/uploads\/2018\/11\/espresso.jpg",750,450,true],"1536x1536":["https:\/\/ml57eltlf4tn.i.optimole.com\/w:auto\/h:auto\/q:mauto\/ig:avif\/https:\/\/epee33.fr\/wp-content\/uploads\/2018\/11\/espresso.jpg",1536,922,false],"2048x2048":["https:\/\/ml57eltlf4tn.i.optimole.com\/w:auto\/h:auto\/q:mauto\/ig:avif\/https:\/\/epee33.fr\/wp-content\/uploads\/2018\/11\/espresso.jpg",2000,1200,false],"ab-block-post-grid-landscape":["https:\/\/ml57eltlf4tn.i.optimole.com\/w:auto\/h:auto\/q:mauto\/ig:avif\/https:\/\/epee33.fr\/wp-content\/uploads\/2018\/11\/espresso.jpg",600,360,false],"ab-block-post-grid-square":["https:\/\/ml57eltlf4tn.i.optimole.com\/w:auto\/h:auto\/q:mauto\/ig:avif\/https:\/\/epee33.fr\/wp-content\/uploads\/2018\/11\/espresso.jpg",600,360,false],"qubely_landscape":["https:\/\/ml57eltlf4tn.i.optimole.com\/w:auto\/h:auto\/q:mauto\/ig:avif\/https:\/\/epee33.fr\/wp-content\/uploads\/2018\/11\/espresso.jpg",1200,720,false],"qubely_portrait":["https:\/\/ml57eltlf4tn.i.optimole.com\/w:auto\/h:auto\/q:mauto\/ig:avif\/https:\/\/epee33.fr\/wp-content\/uploads\/2018\/11\/espresso.jpg",533,320,false],"qubely_thumbnail":["https:\/\/ml57eltlf4tn.i.optimole.com\/w:auto\/h:auto\/q:mauto\/ig:avif\/https:\/\/epee33.fr\/wp-content\/uploads\/2018\/11\/espresso.jpg",140,84,false],"gb-block-post-grid-landscape":["https:\/\/ml57eltlf4tn.i.optimole.com\/w:auto\/h:auto\/q:mauto\/ig:avif\/https:\/\/epee33.fr\/wp-content\/uploads\/2018\/11\/espresso.jpg",600,360,false],"gb-block-post-grid-square":["https:\/\/ml57eltlf4tn.i.optimole.com\/w:auto\/h:auto\/q:mauto\/ig:avif\/https:\/\/epee33.fr\/wp-content\/uploads\/2018\/11\/espresso.jpg",600,360,false],"hestia-blog":["https:\/\/ml57eltlf4tn.i.optimole.com\/w:auto\/h:auto\/q:mauto\/ig:avif\/https:\/\/epee33.fr\/wp-content\/uploads\/2018\/11\/espresso.jpg",360,216,false]},"uagb_author_info":{"display_name":"Guillaume Gerbore","author_link":"https:\/\/epee33.fr\/?author=2"},"uagb_comment_info":0,"uagb_excerpt":null,"coauthors":[],"author_meta":{"author_link":"https:\/\/epee33.fr\/?author=2","display_name":"Guillaume Gerbore"},"relative_dates":{"created":"Publi\u00e9 7 ans il y a","modified":"Mis \u00e0 jour 7 ans il y a"},"absolute_dates":{"created":"Publi\u00e9 le 16 novembre 2018","modified":"Mise \u00e0 jour le 30 janvier 2019"},"absolute_dates_time":{"created":"Publi\u00e9 le 16 novembre 2018 5:32 pm","modified":"Mise \u00e0 jour le 30 janvier 2019 4:08 pm"},"featured_img_caption":"","featured_img":"https:\/\/ml57eltlf4tn.i.optimole.com\/w:auto\/h:auto\/q:mauto\/ig:avif\/https:\/\/epee33.fr\/wp-content\/uploads\/2018\/11\/espresso.jpg","series_order":"","jetpack_sharing_enabled":true,"_links":{"self":[{"href":"https:\/\/epee33.fr\/index.php?rest_route=\/wp\/v2\/pages\/30","targetHints":{"allow":["GET"]}}],"collection":[{"href":"https:\/\/epee33.fr\/index.php?rest_route=\/wp\/v2\/pages"}],"about":[{"href":"https:\/\/epee33.fr\/index.php?rest_route=\/wp\/v2\/types\/page"}],"author":[{"embeddable":true,"href":"https:\/\/epee33.fr\/index.php?rest_route=\/wp\/v2\/users\/2"}],"replies":[{"embeddable":true,"href":"https:\/\/epee33.fr\/index.php?rest_route=%2Fwp%2Fv2%2Fcomments&post=30"}],"version-history":[{"count":3,"href":"https:\/\/epee33.fr\/index.php?rest_route=\/wp\/v2\/pages\/30\/revisions"}],"predecessor-version":[{"id":328,"href":"https:\/\/epee33.fr\/index.php?rest_route=\/wp\/v2\/pages\/30\/revisions\/328"}],"wp:featuredmedia":[{"embeddable":true,"href":"https:\/\/epee33.fr\/index.php?rest_route=\/wp\/v2\/media\/25"}],"wp:attachment":[{"href":"https:\/\/epee33.fr\/index.php?rest_route=%2Fwp%2Fv2%2Fmedia&parent=30"}],"curies":[{"name":"wp","href":"https:\/\/api.w.org\/{rel}","templated":true}]}}